{"id":1409,"date":"2026-01-09T11:01:08","date_gmt":"2026-01-09T11:01:08","guid":{"rendered":"https:\/\/bachogco.dk\/?post_type=product&#038;p=1409"},"modified":"2026-03-12T06:37:11","modified_gmt":"2026-03-12T06:37:11","slug":"9788785406361-kuldegyser-mareridtsland-hardback","status":"publish","type":"product","link":"https:\/\/bachogco.dk\/en\/vare\/9788785406361-kuldegyser-mareridtsland-hardback\/","title":{"rendered":"Kuldegyser \u2013 Mareridtsland"},"content":{"rendered":"<p>KOM N\u00c6RMERE, HVIS DU T\u00d8R &#8230; her er en historie om et spil, hvor frygt bliver til virkelighed.<br \/>\nMen pas p\u00e5! <em>Mareridtsland<\/em> er ikke nogen almindelig gyser, det er en <em>kuldegyser<\/em>!<\/p>\n<p>Aaron har k\u00f8bt et nyt og meget mystisk spil. Et spil, der suger ham helt ind i en verden, han ikke kan slippe ud af. Pludselig st\u00e5r han alene i en isnende snestorm, mens et hyl runger fra den m\u00f8rke skov.<br \/>\nDer er ingen pauseknap. Der er ingen vej ud.<\/p>\n<p>Serien <em>Kuldegyser<\/em> er gys p\u00e5 den fede m\u00e5de for l\u00e6sere fra ca. 8 \u00e5r<\/p>\n","protected":false},"excerpt":{"rendered":"<p>Kom n\u00e6rmere, hvis du t\u00f8r &#8230; Her er en historie om et spil, hvor frygt bliver til virkelighed.<\/p>\n","protected":false},"featured_media":1410,"comment_status":"closed","ping_status":"closed","template":"","meta":{"_acf_changed":false},"product_brand":[],"product_cat":[18135,18136,18126],"product_tag":[],"series":[],"system":[],"universe":[],"booktype":[],"productgroup":[],"thema":[11894],"territory":[18068],"audience":[18087],"bidragyder":[18080,18159,18072,18151,18150,18107,18110],"class_list":{"0":"post-1409","1":"product","2":"type-product","3":"status-publish","4":"has-post-thumbnail","6":"product_cat-6-9-aar","7":"product_cat-8-12-aar","8":"product_cat-serieboeger","9":"thema-yfd","10":"territory-serieboeger-8-12","11":"audience-fra-ca-8-aar","12":"bidragyder-anja-meyer","13":"bidragyder-ashley-halsey","14":"bidragyder-christian-bach","15":"bidragyder-iacopo-bruno","16":"bidragyder-james-preller","17":"bidragyder-kim-langer","18":"bidragyder-sofie-wolstrup","20":"first","21":"instock","22":"taxable","23":"shipping-taxable","24":"purchasable","25":"product-type-simple"},"acf":[],"_links":{"self":[{"href":"https:\/\/bachogco.dk\/en\/wp-json\/wp\/v2\/product\/1409","targetHints":{"allow":["GET"]}}],"collection":[{"href":"https:\/\/bachogco.dk\/en\/wp-json\/wp\/v2\/product"}],"about":[{"href":"https:\/\/bachogco.dk\/en\/wp-json\/wp\/v2\/types\/product"}],"replies":[{"embeddable":true,"href":"https:\/\/bachogco.dk\/en\/wp-json\/wp\/v2\/comments?post=1409"}],"wp:featuredmedia":[{"embeddable":true,"href":"https:\/\/bachogco.dk\/en\/wp-json\/wp\/v2\/media\/1410"}],"wp:attachment":[{"href":"https:\/\/bachogco.dk\/en\/wp-json\/wp\/v2\/media?parent=1409"}],"wp:term":[{"taxonomy":"product_brand","embeddable":true,"href":"https:\/\/bachogco.dk\/en\/wp-json\/wp\/v2\/product_brand?post=1409"},{"taxonomy":"product_cat","embeddable":true,"href":"https:\/\/bachogco.dk\/en\/wp-json\/wp\/v2\/product_cat?post=1409"},{"taxonomy":"product_tag","embeddable":true,"href":"https:\/\/bachogco.dk\/en\/wp-json\/wp\/v2\/product_tag?post=1409"},{"taxonomy":"series","embeddable":true,"href":"https:\/\/bachogco.dk\/en\/wp-json\/wp\/v2\/series?post=1409"},{"taxonomy":"system","embeddable":true,"href":"https:\/\/bachogco.dk\/en\/wp-json\/wp\/v2\/system?post=1409"},{"taxonomy":"universe","embeddable":true,"href":"https:\/\/bachogco.dk\/en\/wp-json\/wp\/v2\/universe?post=1409"},{"taxonomy":"booktype","embeddable":true,"href":"https:\/\/bachogco.dk\/en\/wp-json\/wp\/v2\/booktype?post=1409"},{"taxonomy":"productgroup","embeddable":true,"href":"https:\/\/bachogco.dk\/en\/wp-json\/wp\/v2\/productgroup?post=1409"},{"taxonomy":"thema","embeddable":true,"href":"https:\/\/bachogco.dk\/en\/wp-json\/wp\/v2\/thema?post=1409"},{"taxonomy":"territory","embeddable":true,"href":"https:\/\/bachogco.dk\/en\/wp-json\/wp\/v2\/territory?post=1409"},{"taxonomy":"audience","embeddable":true,"href":"https:\/\/bachogco.dk\/en\/wp-json\/wp\/v2\/audience?post=1409"},{"taxonomy":"bidragyder","embeddable":true,"href":"https:\/\/bachogco.dk\/en\/wp-json\/wp\/v2\/bidragyder?post=1409"}],"curies":[{"name":"wp","href":"https:\/\/api.w.org\/{rel}","templated":true}]}}