{"id":1703,"date":"2026-05-09T14:38:10","date_gmt":"2026-05-09T14:38:10","guid":{"rendered":"https:\/\/bachogco.dk\/?post_type=product&#038;p=1703"},"modified":"2026-05-09T14:40:50","modified_gmt":"2026-05-09T14:40:50","slug":"9788785406637-stol-ikke-paa-katte-hardback","status":"publish","type":"product","link":"https:\/\/bachogco.dk\/en\/vare\/9788785406637-stol-ikke-paa-katte-hardback\/","title":{"rendered":"Stol ikke p\u00e5 katte"},"content":{"rendered":"<p>Flere gode r\u00e5d fra hunden Chip<\/p>\n<p>Hunden Chip fra Spis ikke bier har endnu mere &#8220;visdom&#8221; at dele ud af \u2013 og en r\u00e6kke dyrek\u00f8bte erfaringer om katte.<\/p>\n<p>Chip er blevet beskrevet som v\u00e6rende b\u00e5de meget klog og &#8230; en hund. Og fordi han er en rigtig dygtig dreng, vil han gerne dele sine bedste tips til, hvordan man lever det perfekte liv.<br \/>\nRegel nummer \u00e9t: Stol ikke p\u00e5 katte! Heller ikke de sm\u00e5, bl\u00f8de nogle med de store \u00f8jne. Niks.<\/p>\n<p>Du kan roligt stole p\u00e5 det egern, du altid jagter. Du kan stole p\u00e5 bedstefar (okay, han snyder i kortspil, men han har altid godbidder). Du kan endda stole p\u00e5 det stinkdyr der (han virker s\u00f8d \u2013 hvad skulle der kunne g\u00e5 galt?). Men stol ALDRIG p\u00e5 katte. Og slet ikke p\u00e5 Muffe!<\/p>\n<p><em>Stol ikke p\u00e5 katte<\/em> er den hylende morsomme fors\u00e6ttelse til <em>Spis ikke bier<\/em>. B\u00e5de hundeejere OG katteelskere vil kunne genkende deres egne firbenede venner i Chips velmente, men fuldst\u00e6ndig absurde guide til livet.<\/p>\n","protected":false},"excerpt":{"rendered":"<p>Endnu flere gode r\u00e5d fra den elskelige hund Chip. En sk\u00f8r og vidunderlig billedbog.<\/p>\n","protected":false},"featured_media":1704,"comment_status":"closed","ping_status":"closed","template":"","meta":{"_acf_changed":false},"product_brand":[],"product_cat":[18134,18123],"product_tag":[],"series":[18192],"system":[],"universe":[],"booktype":[],"productgroup":[],"thema":[17436,11857,11921],"territory":[18061],"audience":[18083],"bidragyder":[18080,18072,18190,18191],"class_list":{"0":"post-1703","1":"product","2":"type-product","3":"status-publish","4":"has-post-thumbnail","6":"product_cat-2-5-aar","7":"product_cat-billedboeger","8":"series-hunden-chip","9":"thema-5ac","10":"thema-ybcs","11":"thema-yfq","12":"territory-billedboeger","13":"audience-fra-ca-3-aar","14":"bidragyder-anja-meyer","15":"bidragyder-christian-bach","16":"bidragyder-dev-petty","17":"bidragyder-mike-boldt","19":"first","20":"instock","21":"taxable","22":"shipping-taxable","23":"purchasable","24":"product-type-simple"},"acf":[],"_links":{"self":[{"href":"https:\/\/bachogco.dk\/en\/wp-json\/wp\/v2\/product\/1703","targetHints":{"allow":["GET"]}}],"collection":[{"href":"https:\/\/bachogco.dk\/en\/wp-json\/wp\/v2\/product"}],"about":[{"href":"https:\/\/bachogco.dk\/en\/wp-json\/wp\/v2\/types\/product"}],"replies":[{"embeddable":true,"href":"https:\/\/bachogco.dk\/en\/wp-json\/wp\/v2\/comments?post=1703"}],"wp:featuredmedia":[{"embeddable":true,"href":"https:\/\/bachogco.dk\/en\/wp-json\/wp\/v2\/media\/1704"}],"wp:attachment":[{"href":"https:\/\/bachogco.dk\/en\/wp-json\/wp\/v2\/media?parent=1703"}],"wp:term":[{"taxonomy":"product_brand","embeddable":true,"href":"https:\/\/bachogco.dk\/en\/wp-json\/wp\/v2\/product_brand?post=1703"},{"taxonomy":"product_cat","embeddable":true,"href":"https:\/\/bachogco.dk\/en\/wp-json\/wp\/v2\/product_cat?post=1703"},{"taxonomy":"product_tag","embeddable":true,"href":"https:\/\/bachogco.dk\/en\/wp-json\/wp\/v2\/product_tag?post=1703"},{"taxonomy":"series","embeddable":true,"href":"https:\/\/bachogco.dk\/en\/wp-json\/wp\/v2\/series?post=1703"},{"taxonomy":"system","embeddable":true,"href":"https:\/\/bachogco.dk\/en\/wp-json\/wp\/v2\/system?post=1703"},{"taxonomy":"universe","embeddable":true,"href":"https:\/\/bachogco.dk\/en\/wp-json\/wp\/v2\/universe?post=1703"},{"taxonomy":"booktype","embeddable":true,"href":"https:\/\/bachogco.dk\/en\/wp-json\/wp\/v2\/booktype?post=1703"},{"taxonomy":"productgroup","embeddable":true,"href":"https:\/\/bachogco.dk\/en\/wp-json\/wp\/v2\/productgroup?post=1703"},{"taxonomy":"thema","embeddable":true,"href":"https:\/\/bachogco.dk\/en\/wp-json\/wp\/v2\/thema?post=1703"},{"taxonomy":"territory","embeddable":true,"href":"https:\/\/bachogco.dk\/en\/wp-json\/wp\/v2\/territory?post=1703"},{"taxonomy":"audience","embeddable":true,"href":"https:\/\/bachogco.dk\/en\/wp-json\/wp\/v2\/audience?post=1703"},{"taxonomy":"bidragyder","embeddable":true,"href":"https:\/\/bachogco.dk\/en\/wp-json\/wp\/v2\/bidragyder?post=1703"}],"curies":[{"name":"wp","href":"https:\/\/api.w.org\/{rel}","templated":true}]}}